{"id":1257,"date":"2025-01-16T21:49:36","date_gmt":"2025-01-16T21:49:36","guid":{"rendered":"https:\/\/rbwmissions.org\/?page_id=1257"},"modified":"2026-04-15T11:31:50","modified_gmt":"2026-04-15T16:31:50","slug":"rivera","status":"publish","type":"page","link":"https:\/\/rbwmissions.org\/es\/about-rbw\/our-team\/rivera\/","title":{"rendered":"Jose and Nora Rivera"},"content":{"rendered":"<div data-elementor-type=\"wp-page\" data-elementor-id=\"1257\" class=\"elementor elementor-1257\" data-elementor-post-type=\"page\">\n\t\t\t\t<div class=\"elementor-element elementor-element-5b4b3939 e-con-full e-flex e-con e-parent\" data-id=\"5b4b3939\" data-element_type=\"container\" data-e-type=\"container\">\n\t\t<div class=\"elementor-element elementor-element-4a95510 e-con-full e-flex e-con e-child\" data-id=\"4a95510\" data-element_type=\"container\" data-e-type=\"container\" data-settings=\"{&quot;background_background&quot;:&quot;classic&quot;}\">\n\t\t\t\t<div class=\"elementor-element elementor-element-43d4b1d5 elementor-widget elementor-widget-image\" data-id=\"43d4b1d5\" data-element_type=\"widget\" data-e-type=\"widget\" data-widget_type=\"image.default\">\n\t\t\t\t<div class=\"elementor-widget-container\">\n\t\t\t\t\t\t\t\t\t\t\t\t\t\t\t<img fetchpriority=\"high\" decoding=\"async\" width=\"760\" height=\"783\" src=\"https:\/\/rbwmissions.org\/wp-content\/uploads\/2025\/01\/Riveras.png\" class=\"attachment-full size-full wp-image-1281\" alt=\"\" srcset=\"https:\/\/rbwmissions.org\/wp-content\/uploads\/2025\/01\/Riveras.png 760w, https:\/\/rbwmissions.org\/wp-content\/uploads\/2025\/01\/Riveras-291x300.png 291w, https:\/\/rbwmissions.org\/wp-content\/uploads\/2025\/01\/Riveras-12x12.png 12w\" sizes=\"(max-width: 760px) 100vw, 760px\" \/>\t\t\t\t\t\t\t\t\t\t\t\t\t\t\t<\/div>\n\t\t\t\t<\/div>\n\t\t\t\t<\/div>\n\t\t<div class=\"elementor-element elementor-element-157dea51 e-con-full e-flex e-con e-child\" data-id=\"157dea51\" data-element_type=\"container\" data-e-type=\"container\">\n\t\t\t\t<div class=\"elementor-element elementor-element-3f5d8c07 elementor-widget__width-initial elementor-widget elementor-widget-heading\" data-id=\"3f5d8c07\" data-element_type=\"widget\" data-e-type=\"widget\" data-widget_type=\"heading.default\">\n\t\t\t\t<div class=\"elementor-widget-container\">\n\t\t\t\t\t<h2 class=\"elementor-heading-title elementor-size-default\">jose &amp; nora<br><strong>rivera<\/strong><\/h2>\t\t\t\t<\/div>\n\t\t\t\t<\/div>\n\t\t\t\t<div class=\"elementor-element elementor-element-4353c2a elementor-widget elementor-widget-heading\" data-id=\"4353c2a\" data-element_type=\"widget\" data-e-type=\"widget\" data-widget_type=\"heading.default\">\n\t\t\t\t<div class=\"elementor-widget-container\">\n\t\t\t\t\t<h3 class=\"elementor-heading-title elementor-size-default\"><a href=\"https:\/\/rbwmissions.org\/es\/team\/\">Sirviendo en Nic, Col y EE. UU.<\/a><\/h3>\t\t\t\t<\/div>\n\t\t\t\t<\/div>\n\t\t<div class=\"elementor-element elementor-element-29c3a61 e-con-full e-flex e-con e-child\" data-id=\"29c3a61\" data-element_type=\"container\" data-e-type=\"container\">\n\t\t\t\t<div class=\"elementor-element elementor-element-8b6463a elementor-widget elementor-widget-text-editor\" data-id=\"8b6463a\" data-element_type=\"widget\" data-e-type=\"widget\" data-widget_type=\"text-editor.default\">\n\t\t\t\t<div class=\"elementor-widget-container\">\n\t\t\t\t\t\t\t\t\t<p>Jos\u00e9, originally from Puerto Rico, is an international speaker and teacher with a pastoral heart and counseling training. He teaches at Adopt-A-Pastor Retreats in Nicaragua, supports Missionary Associates in Nicaragua and Colombia, and offers pastoral care and church planting consulting in the U.S. Nora, originally from Venezuela, complements him with her creative flair, compassion, and dynamic teaching, shaped by diverse life experiences and empowered by the Holy Spirit. Together, they serve as vibrant ambassadors for God\u2019s Kingdom.<\/p>\t\t\t\t\t\t\t\t<\/div>\n\t\t\t\t<\/div>\n\t\t\t\t<\/div>\n\t\t\t\t<\/div>\n\t\t\t\t<\/div>\n\t\t<div class=\"elementor-element elementor-element-ca7932d e-con-full e-flex e-con e-parent\" data-id=\"ca7932d\" data-element_type=\"container\" data-e-type=\"container\" data-settings=\"{&quot;background_background&quot;:&quot;classic&quot;}\">\n\t\t<div class=\"elementor-element elementor-element-33da03ea e-con-full e-flex e-con e-child\" data-id=\"33da03ea\" data-element_type=\"container\" data-e-type=\"container\">\n\t\t\t\t<div class=\"elementor-element elementor-element-ec4f3e9 elementor-blockquote--skin-boxed elementor-widget elementor-widget-blockquote\" data-id=\"ec4f3e9\" data-element_type=\"widget\" data-e-type=\"widget\" data-widget_type=\"blockquote.default\">\n\t\t\t\t<div class=\"elementor-widget-container\">\n\t\t\t\t\t\t\t<blockquote class=\"elementor-blockquote\">\n\t\t\t<p class=\"elementor-blockquote__content\">\n\t\t\t\tDespu\u00e9s de esto mir\u00e9, y apareci\u00f3 una multitud tomada de todas las naciones, tribus, pueblos y lenguas. Era tan grande que nadie pod\u00eda contarla. Estaban de pie delante del trono y del Cordero, vestidos de t\u00fanicas blancas y con ramas de palma en las manos. \t\t\t<\/p>\n\t\t\t\t\t\t\t<div class=\"e-q-footer\">\n\t\t\t\t\t\t\t\t\t\t\t<cite class=\"elementor-blockquote__author\">Apocalipsis 7:9<\/cite>\n\t\t\t\t\t\t\t\t\t\t\t\t\t\t<\/div>\n\t\t\t\t\t<\/blockquote>\n\t\t\t\t\t\t<\/div>\n\t\t\t\t<\/div>\n\t\t\t\t<\/div>\n\t\t<div class=\"elementor-element elementor-element-67f5d547 e-con-full e-flex e-con e-child\" data-id=\"67f5d547\" data-element_type=\"container\" data-e-type=\"container\" data-settings=\"{&quot;background_background&quot;:&quot;classic&quot;}\">\n\t\t\t\t<div class=\"elementor-element elementor-element-689014f9 elementor-invisible elementor-widget elementor-widget-image\" data-id=\"689014f9\" data-element_type=\"widget\" data-e-type=\"widget\" data-settings=\"{&quot;_animation&quot;:&quot;zoomIn&quot;}\" data-widget_type=\"image.default\">\n\t\t\t\t<div class=\"elementor-widget-container\">\n\t\t\t\t\t\t\t\t\t\t\t\t\t\t\t<img decoding=\"async\" width=\"628\" height=\"711\" src=\"https:\/\/rbwmissions.org\/wp-content\/uploads\/2025\/01\/Riveras3.png\" class=\"attachment-full size-full wp-image-1282\" alt=\"\" srcset=\"https:\/\/rbwmissions.org\/wp-content\/uploads\/2025\/01\/Riveras3.png 628w, https:\/\/rbwmissions.org\/wp-content\/uploads\/2025\/01\/Riveras3-265x300.png 265w, https:\/\/rbwmissions.org\/wp-content\/uploads\/2025\/01\/Riveras3-11x12.png 11w\" sizes=\"(max-width: 628px) 100vw, 628px\" \/>\t\t\t\t\t\t\t\t\t\t\t\t\t\t\t<\/div>\n\t\t\t\t<\/div>\n\t\t\t\t<\/div>\n\t\t\t\t<\/div>\n\t\t<div class=\"elementor-element elementor-element-9a298d9 e-con-full e-flex e-con e-parent\" data-id=\"9a298d9\" data-element_type=\"container\" data-e-type=\"container\" data-settings=\"{&quot;background_background&quot;:&quot;classic&quot;}\">\n\t\t\t\t<div class=\"elementor-element elementor-element-7f92388 elementor-widget elementor-widget-html\" data-id=\"7f92388\" data-element_type=\"widget\" data-e-type=\"widget\" data-widget_type=\"html.default\">\n\t\t\t\t<div class=\"elementor-widget-container\">\n\t\t\t\t\t<!--  Continue To Give badge -->\r\n<div id=\"custom_c2g_BTSwuLhGruH2trARBnWhUFR9aDueXL2O\"><\/div>\r\n\r\n<script>\r\n\tnewC2gBadge().embed(4935154, {\r\n\t\tcontainer_selector: '#custom_c2g_BTSwuLhGruH2trARBnWhUFR9aDueXL2O',\r\n\t\ttask: 'show_donation_badge_form'\r\n\t});\r\n<\/script>\r\n<!-- End of Continue To Give badge -->\t\t\t\t<\/div>\n\t\t\t\t<\/div>\n\t\t\t\t<\/div>\n\t\t\t\t<\/div>","protected":false},"excerpt":{"rendered":"<p>jose &amp; norarivera Serving at Nic, Col and USA Jos\u00e9, originally from Puerto Rico, is an international speaker and teacher with a pastoral heart and counseling training. He teaches at Adopt-A-Pastor Retreats in Nicaragua, supports Missionary Associates in Nicaragua and Colombia, and offers pastoral care and church planting consulting in the U.S. Nora, originally from [&hellip;]<\/p>\n","protected":false},"author":1,"featured_media":0,"parent":712,"menu_order":0,"comment_status":"closed","ping_status":"closed","template":"","meta":{"footnotes":""},"class_list":["post-1257","page","type-page","status-publish","hentry"],"yoast_head":"<!-- This site is optimized with the Yoast SEO plugin v27.4 - https:\/\/yoast.com\/product\/yoast-seo-wordpress\/ -->\n<title>Jose and Nora Rivera - RBW Missions<\/title>\n<meta name=\"robots\" content=\"index, follow, max-snippet:-1, max-image-preview:large, max-video-preview:-1\" \/>\n<link rel=\"canonical\" href=\"https:\/\/rbwmissions.org\/es\/about-rbw\/our-team\/rivera\/\" \/>\n<meta property=\"og:locale\" content=\"es_ES\" \/>\n<meta property=\"og:type\" content=\"article\" \/>\n<meta property=\"og:title\" content=\"Jose and Nora Rivera - RBW Missions\" \/>\n<meta property=\"og:description\" content=\"jose &amp; norarivera Serving at Nic, Col and USA Jos\u00e9, originally from Puerto Rico, is an international speaker and teacher with a pastoral heart and counseling training. He teaches at Adopt-A-Pastor Retreats in Nicaragua, supports Missionary Associates in Nicaragua and Colombia, and offers pastoral care and church planting consulting in the U.S. Nora, originally from [&hellip;]\" \/>\n<meta property=\"og:url\" content=\"https:\/\/rbwmissions.org\/es\/about-rbw\/our-team\/rivera\/\" \/>\n<meta property=\"og:site_name\" content=\"RBW Missions\" \/>\n<meta property=\"article:modified_time\" content=\"2026-04-15T16:31:50+00:00\" \/>\n<meta property=\"og:image\" content=\"https:\/\/rbwmissions.org\/wp-content\/uploads\/2025\/01\/Riveras.png\" \/>\n\t<meta property=\"og:image:width\" content=\"760\" \/>\n\t<meta property=\"og:image:height\" content=\"783\" \/>\n\t<meta property=\"og:image:type\" content=\"image\/png\" \/>\n<meta name=\"twitter:card\" content=\"summary_large_image\" \/>\n<meta name=\"twitter:label1\" content=\"Tiempo de lectura\" \/>\n\t<meta name=\"twitter:data1\" content=\"1 minuto\" \/>\n<script type=\"application\/ld+json\" class=\"yoast-schema-graph\">{\"@context\":\"https:\\\/\\\/schema.org\",\"@graph\":[{\"@type\":\"WebPage\",\"@id\":\"https:\\\/\\\/rbwmissions.org\\\/about-rbw\\\/our-team\\\/rivera\\\/\",\"url\":\"https:\\\/\\\/rbwmissions.org\\\/about-rbw\\\/our-team\\\/rivera\\\/\",\"name\":\"Jose and Nora Rivera - RBW Missions\",\"isPartOf\":{\"@id\":\"https:\\\/\\\/rbwmissions.org\\\/#website\"},\"primaryImageOfPage\":{\"@id\":\"https:\\\/\\\/rbwmissions.org\\\/about-rbw\\\/our-team\\\/rivera\\\/#primaryimage\"},\"image\":{\"@id\":\"https:\\\/\\\/rbwmissions.org\\\/about-rbw\\\/our-team\\\/rivera\\\/#primaryimage\"},\"thumbnailUrl\":\"https:\\\/\\\/rbwmissions.org\\\/wp-content\\\/uploads\\\/2025\\\/01\\\/Riveras.png\",\"datePublished\":\"2025-01-16T21:49:36+00:00\",\"dateModified\":\"2026-04-15T16:31:50+00:00\",\"breadcrumb\":{\"@id\":\"https:\\\/\\\/rbwmissions.org\\\/about-rbw\\\/our-team\\\/rivera\\\/#breadcrumb\"},\"inLanguage\":\"es-CO\",\"potentialAction\":[{\"@type\":\"ReadAction\",\"target\":[\"https:\\\/\\\/rbwmissions.org\\\/about-rbw\\\/our-team\\\/rivera\\\/\"]}]},{\"@type\":\"ImageObject\",\"inLanguage\":\"es-CO\",\"@id\":\"https:\\\/\\\/rbwmissions.org\\\/about-rbw\\\/our-team\\\/rivera\\\/#primaryimage\",\"url\":\"https:\\\/\\\/rbwmissions.org\\\/wp-content\\\/uploads\\\/2025\\\/01\\\/Riveras.png\",\"contentUrl\":\"https:\\\/\\\/rbwmissions.org\\\/wp-content\\\/uploads\\\/2025\\\/01\\\/Riveras.png\"},{\"@type\":\"BreadcrumbList\",\"@id\":\"https:\\\/\\\/rbwmissions.org\\\/about-rbw\\\/our-team\\\/rivera\\\/#breadcrumb\",\"itemListElement\":[{\"@type\":\"ListItem\",\"position\":1,\"name\":\"Inicio\",\"item\":\"https:\\\/\\\/rbwmissions.org\\\/\"},{\"@type\":\"ListItem\",\"position\":2,\"name\":\"About Us\",\"item\":\"https:\\\/\\\/rbwmissions.org\\\/about-rbw\\\/\"},{\"@type\":\"ListItem\",\"position\":3,\"name\":\"Team\",\"item\":\"https:\\\/\\\/rbwmissions.org\\\/about-rbw\\\/our-team\\\/\"},{\"@type\":\"ListItem\",\"position\":4,\"name\":\"Jose and Nora Rivera\"}]},{\"@type\":\"WebSite\",\"@id\":\"https:\\\/\\\/rbwmissions.org\\\/#website\",\"url\":\"https:\\\/\\\/rbwmissions.org\\\/\",\"name\":\"RBW Missions\",\"description\":\"Repairers of Broken Walls\",\"publisher\":{\"@id\":\"https:\\\/\\\/rbwmissions.org\\\/#organization\"},\"potentialAction\":[{\"@type\":\"SearchAction\",\"target\":{\"@type\":\"EntryPoint\",\"urlTemplate\":\"https:\\\/\\\/rbwmissions.org\\\/?s={search_term_string}\"},\"query-input\":{\"@type\":\"PropertyValueSpecification\",\"valueRequired\":true,\"valueName\":\"search_term_string\"}}],\"inLanguage\":\"es-CO\"},{\"@type\":\"Organization\",\"@id\":\"https:\\\/\\\/rbwmissions.org\\\/#organization\",\"name\":\"RBW Missions\",\"url\":\"https:\\\/\\\/rbwmissions.org\\\/\",\"logo\":{\"@type\":\"ImageObject\",\"inLanguage\":\"es-CO\",\"@id\":\"https:\\\/\\\/rbwmissions.org\\\/#\\\/schema\\\/logo\\\/image\\\/\",\"url\":\"https:\\\/\\\/rbwmissions.org\\\/wp-content\\\/uploads\\\/2024\\\/12\\\/RBW-Logo-COl.png\",\"contentUrl\":\"https:\\\/\\\/rbwmissions.org\\\/wp-content\\\/uploads\\\/2024\\\/12\\\/RBW-Logo-COl.png\",\"width\":350,\"height\":100,\"caption\":\"RBW Missions\"},\"image\":{\"@id\":\"https:\\\/\\\/rbwmissions.org\\\/#\\\/schema\\\/logo\\\/image\\\/\"}}]}<\/script>\n<!-- \/ Yoast SEO plugin. -->","yoast_head_json":{"title":"Jose and Nora Rivera - RBW Missions","robots":{"index":"index","follow":"follow","max-snippet":"max-snippet:-1","max-image-preview":"max-image-preview:large","max-video-preview":"max-video-preview:-1"},"canonical":"https:\/\/rbwmissions.org\/es\/about-rbw\/our-team\/rivera\/","og_locale":"es_ES","og_type":"article","og_title":"Jose and Nora Rivera - RBW Missions","og_description":"jose &amp; norarivera Serving at Nic, Col and USA Jos\u00e9, originally from Puerto Rico, is an international speaker and teacher with a pastoral heart and counseling training. He teaches at Adopt-A-Pastor Retreats in Nicaragua, supports Missionary Associates in Nicaragua and Colombia, and offers pastoral care and church planting consulting in the U.S. Nora, originally from [&hellip;]","og_url":"https:\/\/rbwmissions.org\/es\/about-rbw\/our-team\/rivera\/","og_site_name":"RBW Missions","article_modified_time":"2026-04-15T16:31:50+00:00","og_image":[{"width":760,"height":783,"url":"https:\/\/rbwmissions.org\/wp-content\/uploads\/2025\/01\/Riveras.png","type":"image\/png"}],"twitter_card":"summary_large_image","twitter_misc":{"Tiempo de lectura":"1 minuto"},"schema":{"@context":"https:\/\/schema.org","@graph":[{"@type":"WebPage","@id":"https:\/\/rbwmissions.org\/about-rbw\/our-team\/rivera\/","url":"https:\/\/rbwmissions.org\/about-rbw\/our-team\/rivera\/","name":"Jose and Nora Rivera - RBW Missions","isPartOf":{"@id":"https:\/\/rbwmissions.org\/#website"},"primaryImageOfPage":{"@id":"https:\/\/rbwmissions.org\/about-rbw\/our-team\/rivera\/#primaryimage"},"image":{"@id":"https:\/\/rbwmissions.org\/about-rbw\/our-team\/rivera\/#primaryimage"},"thumbnailUrl":"https:\/\/rbwmissions.org\/wp-content\/uploads\/2025\/01\/Riveras.png","datePublished":"2025-01-16T21:49:36+00:00","dateModified":"2026-04-15T16:31:50+00:00","breadcrumb":{"@id":"https:\/\/rbwmissions.org\/about-rbw\/our-team\/rivera\/#breadcrumb"},"inLanguage":"es-CO","potentialAction":[{"@type":"ReadAction","target":["https:\/\/rbwmissions.org\/about-rbw\/our-team\/rivera\/"]}]},{"@type":"ImageObject","inLanguage":"es-CO","@id":"https:\/\/rbwmissions.org\/about-rbw\/our-team\/rivera\/#primaryimage","url":"https:\/\/rbwmissions.org\/wp-content\/uploads\/2025\/01\/Riveras.png","contentUrl":"https:\/\/rbwmissions.org\/wp-content\/uploads\/2025\/01\/Riveras.png"},{"@type":"BreadcrumbList","@id":"https:\/\/rbwmissions.org\/about-rbw\/our-team\/rivera\/#breadcrumb","itemListElement":[{"@type":"ListItem","position":1,"name":"Inicio","item":"https:\/\/rbwmissions.org\/"},{"@type":"ListItem","position":2,"name":"About Us","item":"https:\/\/rbwmissions.org\/about-rbw\/"},{"@type":"ListItem","position":3,"name":"Team","item":"https:\/\/rbwmissions.org\/about-rbw\/our-team\/"},{"@type":"ListItem","position":4,"name":"Jose and Nora Rivera"}]},{"@type":"WebSite","@id":"https:\/\/rbwmissions.org\/#website","url":"https:\/\/rbwmissions.org\/","name":"RBW Missions","description":"Reparadores de muros ca\u00eddos","publisher":{"@id":"https:\/\/rbwmissions.org\/#organization"},"potentialAction":[{"@type":"SearchAction","target":{"@type":"EntryPoint","urlTemplate":"https:\/\/rbwmissions.org\/?s={search_term_string}"},"query-input":{"@type":"PropertyValueSpecification","valueRequired":true,"valueName":"search_term_string"}}],"inLanguage":"es-CO"},{"@type":"Organization","@id":"https:\/\/rbwmissions.org\/#organization","name":"RBW Missions","url":"https:\/\/rbwmissions.org\/","logo":{"@type":"ImageObject","inLanguage":"es-CO","@id":"https:\/\/rbwmissions.org\/#\/schema\/logo\/image\/","url":"https:\/\/rbwmissions.org\/wp-content\/uploads\/2024\/12\/RBW-Logo-COl.png","contentUrl":"https:\/\/rbwmissions.org\/wp-content\/uploads\/2024\/12\/RBW-Logo-COl.png","width":350,"height":100,"caption":"RBW Missions"},"image":{"@id":"https:\/\/rbwmissions.org\/#\/schema\/logo\/image\/"}}]}},"_links":{"self":[{"href":"https:\/\/rbwmissions.org\/es\/wp-json\/wp\/v2\/pages\/1257","targetHints":{"allow":["GET"]}}],"collection":[{"href":"https:\/\/rbwmissions.org\/es\/wp-json\/wp\/v2\/pages"}],"about":[{"href":"https:\/\/rbwmissions.org\/es\/wp-json\/wp\/v2\/types\/page"}],"author":[{"embeddable":true,"href":"https:\/\/rbwmissions.org\/es\/wp-json\/wp\/v2\/users\/1"}],"replies":[{"embeddable":true,"href":"https:\/\/rbwmissions.org\/es\/wp-json\/wp\/v2\/comments?post=1257"}],"version-history":[{"count":13,"href":"https:\/\/rbwmissions.org\/es\/wp-json\/wp\/v2\/pages\/1257\/revisions"}],"predecessor-version":[{"id":3775,"href":"https:\/\/rbwmissions.org\/es\/wp-json\/wp\/v2\/pages\/1257\/revisions\/3775"}],"up":[{"embeddable":true,"href":"https:\/\/rbwmissions.org\/es\/wp-json\/wp\/v2\/pages\/712"}],"wp:attachment":[{"href":"https:\/\/rbwmissions.org\/es\/wp-json\/wp\/v2\/media?parent=1257"}],"curies":[{"name":"wp","href":"https:\/\/api.w.org\/{rel}","templated":true}]}}