{"id":1148,"date":"2025-01-06T22:58:07","date_gmt":"2025-01-06T22:58:07","guid":{"rendered":"https:\/\/rbwmissions.org\/?page_id=1148"},"modified":"2025-02-21T21:02:33","modified_gmt":"2025-02-21T21:02:33","slug":"diego-sandino","status":"publish","type":"page","link":"https:\/\/rbwmissions.org\/es\/about-rbw\/our-team\/diego-sandino\/","title":{"rendered":"Diego Sandino"},"content":{"rendered":"<div data-elementor-type=\"wp-page\" data-elementor-id=\"1148\" class=\"elementor elementor-1148\" data-elementor-post-type=\"page\">\n\t\t\t\t<div class=\"elementor-element elementor-element-5b4b3939 e-con-full e-flex e-con e-parent\" data-id=\"5b4b3939\" data-element_type=\"container\" data-e-type=\"container\">\n\t\t<div class=\"elementor-element elementor-element-4a95510 e-con-full e-flex e-con e-child\" data-id=\"4a95510\" data-element_type=\"container\" data-e-type=\"container\" data-settings=\"{&quot;background_background&quot;:&quot;classic&quot;}\">\n\t\t\t\t<div class=\"elementor-element elementor-element-43d4b1d5 elementor-widget elementor-widget-image\" data-id=\"43d4b1d5\" data-element_type=\"widget\" data-e-type=\"widget\" data-widget_type=\"image.default\">\n\t\t\t\t<div class=\"elementor-widget-container\">\n\t\t\t\t\t\t\t\t\t\t\t\t\t\t\t<img fetchpriority=\"high\" decoding=\"async\" width=\"760\" height=\"783\" src=\"https:\/\/rbwmissions.org\/wp-content\/uploads\/2025\/01\/DiegoCamp.png\" class=\"attachment-full size-full wp-image-1151\" alt=\"\" srcset=\"https:\/\/rbwmissions.org\/wp-content\/uploads\/2025\/01\/DiegoCamp.png 760w, https:\/\/rbwmissions.org\/wp-content\/uploads\/2025\/01\/DiegoCamp-291x300.png 291w, https:\/\/rbwmissions.org\/wp-content\/uploads\/2025\/01\/DiegoCamp-12x12.png 12w\" sizes=\"(max-width: 760px) 100vw, 760px\" \/>\t\t\t\t\t\t\t\t\t\t\t\t\t\t\t<\/div>\n\t\t\t\t<\/div>\n\t\t\t\t<\/div>\n\t\t<div class=\"elementor-element elementor-element-157dea51 e-con-full e-flex e-con e-child\" data-id=\"157dea51\" data-element_type=\"container\" data-e-type=\"container\">\n\t\t\t\t<div class=\"elementor-element elementor-element-3f5d8c07 elementor-widget__width-initial elementor-widget elementor-widget-heading\" data-id=\"3f5d8c07\" data-element_type=\"widget\" data-e-type=\"widget\" data-widget_type=\"heading.default\">\n\t\t\t\t<div class=\"elementor-widget-container\">\n\t\t\t\t\t<h2 class=\"elementor-heading-title elementor-size-default\">DIEGO<br><strong>SANDINO<\/strong><\/h2>\t\t\t\t<\/div>\n\t\t\t\t<\/div>\n\t\t\t\t<div class=\"elementor-element elementor-element-4353c2a elementor-widget elementor-widget-heading\" data-id=\"4353c2a\" data-element_type=\"widget\" data-e-type=\"widget\" data-widget_type=\"heading.default\">\n\t\t\t\t<div class=\"elementor-widget-container\">\n\t\t\t\t\t<h3 class=\"elementor-heading-title elementor-size-default\"><a href=\"https:\/\/rbwmissions.org\/es\/team\/\">Sirviendo en Colombia<\/a><\/h3>\t\t\t\t<\/div>\n\t\t\t\t<\/div>\n\t\t<div class=\"elementor-element elementor-element-29c3a61 e-con-full e-flex e-con e-child\" data-id=\"29c3a61\" data-element_type=\"container\" data-e-type=\"container\">\n\t\t\t\t<div class=\"elementor-element elementor-element-8b6463a elementor-widget elementor-widget-text-editor\" data-id=\"8b6463a\" data-element_type=\"widget\" data-e-type=\"widget\" data-widget_type=\"text-editor.default\">\n\t\t\t\t<div class=\"elementor-widget-container\">\n\t\t\t\t\t\t\t\t\t<p>Diego se uni\u00f3 oficialmente al equipo de RBW a finales de 2019. Es un regalo del Se\u00f1or por sus habilidades en comunicaciones, su sabidur\u00eda y su car\u00e1cter. Su pasi\u00f3n por la gloria de Dios y por llevar el Reino a lugares donde nunca ha llegado antes es contagiosa. Diego y su esposa, Eliana, viven en Bogot\u00e1, donde disfrutan reunirse con amigos para compartir comida, diversi\u00f3n y compa\u00f1erismo, y sirven al Se\u00f1or a trav\u00e9s de los ministerios de su iglesia local.<\/p>\t\t\t\t\t\t\t\t<\/div>\n\t\t\t\t<\/div>\n\t\t\t\t<\/div>\n\t\t\t\t<\/div>\n\t\t\t\t<\/div>\n\t\t<div class=\"elementor-element elementor-element-ca7932d e-con-full e-flex e-con e-parent\" data-id=\"ca7932d\" data-element_type=\"container\" data-e-type=\"container\" data-settings=\"{&quot;background_background&quot;:&quot;classic&quot;}\">\n\t\t<div class=\"elementor-element elementor-element-33da03ea e-con-full e-flex e-con e-child\" data-id=\"33da03ea\" data-element_type=\"container\" data-e-type=\"container\">\n\t\t\t\t<div class=\"elementor-element elementor-element-ec4f3e9 elementor-blockquote--skin-boxed elementor-widget elementor-widget-blockquote\" data-id=\"ec4f3e9\" data-element_type=\"widget\" data-e-type=\"widget\" data-widget_type=\"blockquote.default\">\n\t\t\t\t<div class=\"elementor-widget-container\">\n\t\t\t\t\t\t\t<blockquote class=\"elementor-blockquote\">\n\t\t\t<p class=\"elementor-blockquote__content\">\n\t\t\t\tPor eso Dios lo exalt\u00f3 hasta lo sumo y le otorg\u00f3 el nombre que est\u00e1 sobre todo nombre, para que ante el nombre de Jes\u00fas se doble toda rodilla en el cielo, en la tierra y debajo de la tierra, y toda lengua confiese que Jesucristo es el Se\u00f1or, para gloria de Dios Padre.\t\t\t<\/p>\n\t\t\t\t\t\t\t<div class=\"e-q-footer\">\n\t\t\t\t\t\t\t\t\t\t\t<cite class=\"elementor-blockquote__author\">Filipenses 2:9-11<\/cite>\n\t\t\t\t\t\t\t\t\t\t\t\t\t\t<\/div>\n\t\t\t\t\t<\/blockquote>\n\t\t\t\t\t\t<\/div>\n\t\t\t\t<\/div>\n\t\t\t\t<\/div>\n\t\t<div class=\"elementor-element elementor-element-67f5d547 e-con-full e-flex e-con e-child\" data-id=\"67f5d547\" data-element_type=\"container\" data-e-type=\"container\" data-settings=\"{&quot;background_background&quot;:&quot;classic&quot;}\">\n\t\t\t\t<div class=\"elementor-element elementor-element-689014f9 elementor-invisible elementor-widget elementor-widget-image\" data-id=\"689014f9\" data-element_type=\"widget\" data-e-type=\"widget\" data-settings=\"{&quot;_animation&quot;:&quot;zoomIn&quot;}\" data-widget_type=\"image.default\">\n\t\t\t\t<div class=\"elementor-widget-container\">\n\t\t\t\t\t\t\t\t\t\t\t\t\t\t\t<img decoding=\"async\" width=\"628\" height=\"711\" src=\"https:\/\/rbwmissions.org\/wp-content\/uploads\/2025\/01\/DiegoCamp2.png\" class=\"attachment-full size-full wp-image-1152\" alt=\"\" srcset=\"https:\/\/rbwmissions.org\/wp-content\/uploads\/2025\/01\/DiegoCamp2.png 628w, https:\/\/rbwmissions.org\/wp-content\/uploads\/2025\/01\/DiegoCamp2-265x300.png 265w, https:\/\/rbwmissions.org\/wp-content\/uploads\/2025\/01\/DiegoCamp2-11x12.png 11w\" sizes=\"(max-width: 628px) 100vw, 628px\" \/>\t\t\t\t\t\t\t\t\t\t\t\t\t\t\t<\/div>\n\t\t\t\t<\/div>\n\t\t\t\t<\/div>\n\t\t\t\t<\/div>\n\t\t<div class=\"elementor-element elementor-element-9a298d9 e-con-full e-flex e-con e-parent\" data-id=\"9a298d9\" data-element_type=\"container\" data-e-type=\"container\" data-settings=\"{&quot;background_background&quot;:&quot;classic&quot;,&quot;shape_divider_bottom&quot;:&quot;mountains&quot;}\">\n\t\t\t\t<div class=\"elementor-shape elementor-shape-bottom\" aria-hidden=\"true\" data-negative=\"false\">\n\t\t\t<svg xmlns=\"http:\/\/www.w3.org\/2000\/svg\" viewbox=\"0 0 1000 100\" preserveaspectratio=\"none\">\n\t<path class=\"elementor-shape-fill\" opacity=\"0.33\" d=\"M473,67.3c-203.9,88.3-263.1-34-320.3,0C66,119.1,0,59.7,0,59.7V0h1000v59.7 c0,0-62.1,26.1-94.9,29.3c-32.8,3.3-62.8-12.3-75.8-22.1C806,49.6,745.3,8.7,694.9,4.7S492.4,59,473,67.3z\"\/>\n\t<path class=\"elementor-shape-fill\" opacity=\"0.66\" d=\"M734,67.3c-45.5,0-77.2-23.2-129.1-39.1c-28.6-8.7-150.3-10.1-254,39.1 s-91.7-34.4-149.2,0C115.7,118.3,0,39.8,0,39.8V0h1000v36.5c0,0-28.2-18.5-92.1-18.5C810.2,18.1,775.7,67.3,734,67.3z\"\/>\n\t<path class=\"elementor-shape-fill\" d=\"M766.1,28.9c-200-57.5-266,65.5-395.1,19.5C242,1.8,242,5.4,184.8,20.6C128,35.8,132.3,44.9,89.9,52.5C28.6,63.7,0,0,0,0 h1000c0,0-9.9,40.9-83.6,48.1S829.6,47,766.1,28.9z\"\/>\n<\/svg>\t\t<\/div>\n\t\t\t\t<div class=\"elementor-element elementor-element-7f92388 elementor-widget elementor-widget-html\" data-id=\"7f92388\" data-element_type=\"widget\" data-e-type=\"widget\" data-widget_type=\"html.default\">\n\t\t\t\t<div class=\"elementor-widget-container\">\n\t\t\t\t\t<iframe\r\n  src=\"https:\/\/www.flipcause.com\/hosted_widget\/hostedWidgetHome\/MjI2MzI1\"\r\n  width=\"80%\"\r\n  height=\"815\"\r\n  frameborder=\"0\"\r\n  scrolling=\"no\"\r\n><\/iframe>\r\n\t\t\t\t<\/div>\n\t\t\t\t<\/div>\n\t\t\t\t<\/div>\n\t\t\t\t<\/div>","protected":false},"excerpt":{"rendered":"<p>DIEGOSANDINO Serving at Colombia Diego joined the RBW team officially the end of 2019. He\u2019s a gift from the Lord with his skills in communications, wisdom, and character. His passion for the glory of God and for the advancement of the Kingdom to where it has never gone before is contagious. Diego and his wife, [&hellip;]<\/p>\n","protected":false},"author":1,"featured_media":0,"parent":712,"menu_order":0,"comment_status":"closed","ping_status":"closed","template":"","meta":{"footnotes":""},"class_list":["post-1148","page","type-page","status-publish","hentry"],"yoast_head":"<!-- This site is optimized with the Yoast SEO plugin v27.4 - https:\/\/yoast.com\/product\/yoast-seo-wordpress\/ -->\n<title>Diego Sandino - RBW Missions<\/title>\n<meta name=\"robots\" content=\"index, follow, max-snippet:-1, max-image-preview:large, max-video-preview:-1\" \/>\n<link rel=\"canonical\" href=\"https:\/\/rbwmissions.org\/es\/about-rbw\/our-team\/diego-sandino\/\" \/>\n<meta property=\"og:locale\" content=\"es_ES\" \/>\n<meta property=\"og:type\" content=\"article\" \/>\n<meta property=\"og:title\" content=\"Diego Sandino - RBW Missions\" \/>\n<meta property=\"og:description\" content=\"DIEGOSANDINO Serving at Colombia Diego joined the RBW team officially the end of 2019. He\u2019s a gift from the Lord with his skills in communications, wisdom, and character. His passion for the glory of God and for the advancement of the Kingdom to where it has never gone before is contagious. Diego and his wife, [&hellip;]\" \/>\n<meta property=\"og:url\" content=\"https:\/\/rbwmissions.org\/es\/about-rbw\/our-team\/diego-sandino\/\" \/>\n<meta property=\"og:site_name\" content=\"RBW Missions\" \/>\n<meta property=\"article:modified_time\" content=\"2025-02-21T21:02:33+00:00\" \/>\n<meta property=\"og:image\" content=\"https:\/\/rbwmissions.org\/wp-content\/uploads\/2025\/01\/DiegoCamp.png\" \/>\n\t<meta property=\"og:image:width\" content=\"760\" \/>\n\t<meta property=\"og:image:height\" content=\"783\" \/>\n\t<meta property=\"og:image:type\" content=\"image\/png\" \/>\n<meta name=\"twitter:card\" content=\"summary_large_image\" \/>\n<meta name=\"twitter:label1\" content=\"Tiempo de lectura\" \/>\n\t<meta name=\"twitter:data1\" content=\"1 minuto\" \/>\n<script type=\"application\/ld+json\" class=\"yoast-schema-graph\">{\"@context\":\"https:\\\/\\\/schema.org\",\"@graph\":[{\"@type\":\"WebPage\",\"@id\":\"https:\\\/\\\/rbwmissions.org\\\/about-rbw\\\/our-team\\\/diego-sandino\\\/\",\"url\":\"https:\\\/\\\/rbwmissions.org\\\/about-rbw\\\/our-team\\\/diego-sandino\\\/\",\"name\":\"Diego Sandino - RBW Missions\",\"isPartOf\":{\"@id\":\"https:\\\/\\\/rbwmissions.org\\\/#website\"},\"primaryImageOfPage\":{\"@id\":\"https:\\\/\\\/rbwmissions.org\\\/about-rbw\\\/our-team\\\/diego-sandino\\\/#primaryimage\"},\"image\":{\"@id\":\"https:\\\/\\\/rbwmissions.org\\\/about-rbw\\\/our-team\\\/diego-sandino\\\/#primaryimage\"},\"thumbnailUrl\":\"https:\\\/\\\/rbwmissions.org\\\/wp-content\\\/uploads\\\/2025\\\/01\\\/DiegoCamp.png\",\"datePublished\":\"2025-01-06T22:58:07+00:00\",\"dateModified\":\"2025-02-21T21:02:33+00:00\",\"breadcrumb\":{\"@id\":\"https:\\\/\\\/rbwmissions.org\\\/about-rbw\\\/our-team\\\/diego-sandino\\\/#breadcrumb\"},\"inLanguage\":\"es-CO\",\"potentialAction\":[{\"@type\":\"ReadAction\",\"target\":[\"https:\\\/\\\/rbwmissions.org\\\/about-rbw\\\/our-team\\\/diego-sandino\\\/\"]}]},{\"@type\":\"ImageObject\",\"inLanguage\":\"es-CO\",\"@id\":\"https:\\\/\\\/rbwmissions.org\\\/about-rbw\\\/our-team\\\/diego-sandino\\\/#primaryimage\",\"url\":\"https:\\\/\\\/rbwmissions.org\\\/wp-content\\\/uploads\\\/2025\\\/01\\\/DiegoCamp.png\",\"contentUrl\":\"https:\\\/\\\/rbwmissions.org\\\/wp-content\\\/uploads\\\/2025\\\/01\\\/DiegoCamp.png\"},{\"@type\":\"BreadcrumbList\",\"@id\":\"https:\\\/\\\/rbwmissions.org\\\/about-rbw\\\/our-team\\\/diego-sandino\\\/#breadcrumb\",\"itemListElement\":[{\"@type\":\"ListItem\",\"position\":1,\"name\":\"Inicio\",\"item\":\"https:\\\/\\\/rbwmissions.org\\\/\"},{\"@type\":\"ListItem\",\"position\":2,\"name\":\"About Us\",\"item\":\"https:\\\/\\\/rbwmissions.org\\\/about-rbw\\\/\"},{\"@type\":\"ListItem\",\"position\":3,\"name\":\"Team\",\"item\":\"https:\\\/\\\/rbwmissions.org\\\/about-rbw\\\/our-team\\\/\"},{\"@type\":\"ListItem\",\"position\":4,\"name\":\"Diego Sandino\"}]},{\"@type\":\"WebSite\",\"@id\":\"https:\\\/\\\/rbwmissions.org\\\/#website\",\"url\":\"https:\\\/\\\/rbwmissions.org\\\/\",\"name\":\"RBW Missions\",\"description\":\"Repairers of Broken Walls\",\"publisher\":{\"@id\":\"https:\\\/\\\/rbwmissions.org\\\/#organization\"},\"potentialAction\":[{\"@type\":\"SearchAction\",\"target\":{\"@type\":\"EntryPoint\",\"urlTemplate\":\"https:\\\/\\\/rbwmissions.org\\\/?s={search_term_string}\"},\"query-input\":{\"@type\":\"PropertyValueSpecification\",\"valueRequired\":true,\"valueName\":\"search_term_string\"}}],\"inLanguage\":\"es-CO\"},{\"@type\":\"Organization\",\"@id\":\"https:\\\/\\\/rbwmissions.org\\\/#organization\",\"name\":\"RBW Missions\",\"url\":\"https:\\\/\\\/rbwmissions.org\\\/\",\"logo\":{\"@type\":\"ImageObject\",\"inLanguage\":\"es-CO\",\"@id\":\"https:\\\/\\\/rbwmissions.org\\\/#\\\/schema\\\/logo\\\/image\\\/\",\"url\":\"https:\\\/\\\/rbwmissions.org\\\/wp-content\\\/uploads\\\/2024\\\/12\\\/RBW-Logo-COl.png\",\"contentUrl\":\"https:\\\/\\\/rbwmissions.org\\\/wp-content\\\/uploads\\\/2024\\\/12\\\/RBW-Logo-COl.png\",\"width\":350,\"height\":100,\"caption\":\"RBW Missions\"},\"image\":{\"@id\":\"https:\\\/\\\/rbwmissions.org\\\/#\\\/schema\\\/logo\\\/image\\\/\"}}]}<\/script>\n<!-- \/ Yoast SEO plugin. -->","yoast_head_json":{"title":"Diego Sandino - RBW Missions","robots":{"index":"index","follow":"follow","max-snippet":"max-snippet:-1","max-image-preview":"max-image-preview:large","max-video-preview":"max-video-preview:-1"},"canonical":"https:\/\/rbwmissions.org\/es\/about-rbw\/our-team\/diego-sandino\/","og_locale":"es_ES","og_type":"article","og_title":"Diego Sandino - RBW Missions","og_description":"DIEGOSANDINO Serving at Colombia Diego joined the RBW team officially the end of 2019. He\u2019s a gift from the Lord with his skills in communications, wisdom, and character. His passion for the glory of God and for the advancement of the Kingdom to where it has never gone before is contagious. Diego and his wife, [&hellip;]","og_url":"https:\/\/rbwmissions.org\/es\/about-rbw\/our-team\/diego-sandino\/","og_site_name":"RBW Missions","article_modified_time":"2025-02-21T21:02:33+00:00","og_image":[{"width":760,"height":783,"url":"https:\/\/rbwmissions.org\/wp-content\/uploads\/2025\/01\/DiegoCamp.png","type":"image\/png"}],"twitter_card":"summary_large_image","twitter_misc":{"Tiempo de lectura":"1 minuto"},"schema":{"@context":"https:\/\/schema.org","@graph":[{"@type":"WebPage","@id":"https:\/\/rbwmissions.org\/about-rbw\/our-team\/diego-sandino\/","url":"https:\/\/rbwmissions.org\/about-rbw\/our-team\/diego-sandino\/","name":"Diego Sandino - RBW Missions","isPartOf":{"@id":"https:\/\/rbwmissions.org\/#website"},"primaryImageOfPage":{"@id":"https:\/\/rbwmissions.org\/about-rbw\/our-team\/diego-sandino\/#primaryimage"},"image":{"@id":"https:\/\/rbwmissions.org\/about-rbw\/our-team\/diego-sandino\/#primaryimage"},"thumbnailUrl":"https:\/\/rbwmissions.org\/wp-content\/uploads\/2025\/01\/DiegoCamp.png","datePublished":"2025-01-06T22:58:07+00:00","dateModified":"2025-02-21T21:02:33+00:00","breadcrumb":{"@id":"https:\/\/rbwmissions.org\/about-rbw\/our-team\/diego-sandino\/#breadcrumb"},"inLanguage":"es-CO","potentialAction":[{"@type":"ReadAction","target":["https:\/\/rbwmissions.org\/about-rbw\/our-team\/diego-sandino\/"]}]},{"@type":"ImageObject","inLanguage":"es-CO","@id":"https:\/\/rbwmissions.org\/about-rbw\/our-team\/diego-sandino\/#primaryimage","url":"https:\/\/rbwmissions.org\/wp-content\/uploads\/2025\/01\/DiegoCamp.png","contentUrl":"https:\/\/rbwmissions.org\/wp-content\/uploads\/2025\/01\/DiegoCamp.png"},{"@type":"BreadcrumbList","@id":"https:\/\/rbwmissions.org\/about-rbw\/our-team\/diego-sandino\/#breadcrumb","itemListElement":[{"@type":"ListItem","position":1,"name":"Inicio","item":"https:\/\/rbwmissions.org\/"},{"@type":"ListItem","position":2,"name":"About Us","item":"https:\/\/rbwmissions.org\/about-rbw\/"},{"@type":"ListItem","position":3,"name":"Team","item":"https:\/\/rbwmissions.org\/about-rbw\/our-team\/"},{"@type":"ListItem","position":4,"name":"Diego Sandino"}]},{"@type":"WebSite","@id":"https:\/\/rbwmissions.org\/#website","url":"https:\/\/rbwmissions.org\/","name":"RBW Missions","description":"Reparadores de muros ca\u00eddos","publisher":{"@id":"https:\/\/rbwmissions.org\/#organization"},"potentialAction":[{"@type":"SearchAction","target":{"@type":"EntryPoint","urlTemplate":"https:\/\/rbwmissions.org\/?s={search_term_string}"},"query-input":{"@type":"PropertyValueSpecification","valueRequired":true,"valueName":"search_term_string"}}],"inLanguage":"es-CO"},{"@type":"Organization","@id":"https:\/\/rbwmissions.org\/#organization","name":"RBW Missions","url":"https:\/\/rbwmissions.org\/","logo":{"@type":"ImageObject","inLanguage":"es-CO","@id":"https:\/\/rbwmissions.org\/#\/schema\/logo\/image\/","url":"https:\/\/rbwmissions.org\/wp-content\/uploads\/2024\/12\/RBW-Logo-COl.png","contentUrl":"https:\/\/rbwmissions.org\/wp-content\/uploads\/2024\/12\/RBW-Logo-COl.png","width":350,"height":100,"caption":"RBW Missions"},"image":{"@id":"https:\/\/rbwmissions.org\/#\/schema\/logo\/image\/"}}]}},"_links":{"self":[{"href":"https:\/\/rbwmissions.org\/es\/wp-json\/wp\/v2\/pages\/1148","targetHints":{"allow":["GET"]}}],"collection":[{"href":"https:\/\/rbwmissions.org\/es\/wp-json\/wp\/v2\/pages"}],"about":[{"href":"https:\/\/rbwmissions.org\/es\/wp-json\/wp\/v2\/types\/page"}],"author":[{"embeddable":true,"href":"https:\/\/rbwmissions.org\/es\/wp-json\/wp\/v2\/users\/1"}],"replies":[{"embeddable":true,"href":"https:\/\/rbwmissions.org\/es\/wp-json\/wp\/v2\/comments?post=1148"}],"version-history":[{"count":28,"href":"https:\/\/rbwmissions.org\/es\/wp-json\/wp\/v2\/pages\/1148\/revisions"}],"predecessor-version":[{"id":2012,"href":"https:\/\/rbwmissions.org\/es\/wp-json\/wp\/v2\/pages\/1148\/revisions\/2012"}],"up":[{"embeddable":true,"href":"https:\/\/rbwmissions.org\/es\/wp-json\/wp\/v2\/pages\/712"}],"wp:attachment":[{"href":"https:\/\/rbwmissions.org\/es\/wp-json\/wp\/v2\/media?parent=1148"}],"curies":[{"name":"wp","href":"https:\/\/api.w.org\/{rel}","templated":true}]}}